{"id":2,"date":"2016-05-10T03:48:21","date_gmt":"2016-05-10T03:48:21","guid":{"rendered":"http:\/\/martens-heizung.de\/?page_id=2"},"modified":"2020-07-05T14:30:38","modified_gmt":"2020-07-05T14:30:38","slug":"home","status":"publish","type":"page","link":"https:\/\/martens-heizung.de\/","title":{"rendered":"Solaranlagen &#8211; Heizungsanlagen &#8211; Sanit\u00e4rinstallation &#8211; L\u00fcftungstechnik"},"content":{"rendered":"\n<figure class=\"wp-block-image size-full\"><img fetchpriority=\"high\" decoding=\"async\" width=\"795\" height=\"250\" src=\"http:\/\/martens-heizung.de\/wp-content\/uploads\/2020\/06\/gebaeude.png\" alt=\"\" class=\"wp-image-102\" srcset=\"https:\/\/martens-heizung.de\/wp-content\/uploads\/2020\/06\/gebaeude.png 795w, https:\/\/martens-heizung.de\/wp-content\/uploads\/2020\/06\/gebaeude-300x94.png 300w, https:\/\/martens-heizung.de\/wp-content\/uploads\/2020\/06\/gebaeude-768x242.png 768w\" sizes=\"(max-width: 795px) 100vw, 795px\" \/><\/figure>\n\n\n\n<h3 class=\"has-text-align-center wp-block-heading\">Wir installieren nach Ihren W\u00fcnschen!<\/h3>\n\n\n\n<p class=\"has-text-color has-text-align-center has-normal-font-size has-very-dark-gray-color\">Die Jan T. Martens GmbH, mit Sitz in Wiemersdorf im Kreis Segeberg, ist Ihr Ansprechpartner im Bereich Neuinstallation und Modernisierung von Solaranlagen, Heizungsanlagen, im Sanit\u00e4rbereich und der L\u00fcftungstechnik. Dar\u00fcberhinaus bieten wir Ihnen den Wartungs- und St\u00f6rungsdienst Ihrer bestehenden Anlagen.<\/p>\n","protected":false},"excerpt":{"rendered":"<p>Wir installieren nach Ihren W\u00fcnschen! Die Jan T. Martens GmbH, mit Sitz in Wiemersdorf im Kreis Segeberg, ist Ihr Ansprechpartner im Bereich Neuinstallation und Modernisierung von Solaranlagen, Heizungsanlagen, im Sanit\u00e4rbereich &#8230;<\/p>\n","protected":false},"author":1,"featured_media":33,"parent":0,"menu_order":0,"comment_status":"closed","ping_status":"closed","template":"","meta":{"ngg_post_thumbnail":0,"footnotes":""},"class_list":["post-2","page","type-page","status-publish","has-post-thumbnail","hentry"],"_links":{"self":[{"href":"https:\/\/martens-heizung.de\/index.php?rest_route=\/wp\/v2\/pages\/2","targetHints":{"allow":["GET"]}}],"collection":[{"href":"https:\/\/martens-heizung.de\/index.php?rest_route=\/wp\/v2\/pages"}],"about":[{"href":"https:\/\/martens-heizung.de\/index.php?rest_route=\/wp\/v2\/types\/page"}],"author":[{"embeddable":true,"href":"https:\/\/martens-heizung.de\/index.php?rest_route=\/wp\/v2\/users\/1"}],"replies":[{"embeddable":true,"href":"https:\/\/martens-heizung.de\/index.php?rest_route=%2Fwp%2Fv2%2Fcomments&post=2"}],"version-history":[{"count":16,"href":"https:\/\/martens-heizung.de\/index.php?rest_route=\/wp\/v2\/pages\/2\/revisions"}],"predecessor-version":[{"id":208,"href":"https:\/\/martens-heizung.de\/index.php?rest_route=\/wp\/v2\/pages\/2\/revisions\/208"}],"wp:featuredmedia":[{"embeddable":true,"href":"https:\/\/martens-heizung.de\/index.php?rest_route=\/wp\/v2\/media\/33"}],"wp:attachment":[{"href":"https:\/\/martens-heizung.de\/index.php?rest_route=%2Fwp%2Fv2%2Fmedia&parent=2"}],"curies":[{"name":"wp","href":"https:\/\/api.w.org\/{rel}","templated":true}]}}