{"id":16,"date":"2020-06-29T14:20:16","date_gmt":"2020-06-29T14:20:16","guid":{"rendered":"http:\/\/martens-heizung.de\/?page_id=16"},"modified":"2020-07-05T15:49:47","modified_gmt":"2020-07-05T15:49:47","slug":"sanitaer","status":"publish","type":"page","link":"https:\/\/martens-heizung.de\/?page_id=16","title":{"rendered":"Sanit\u00e4rinstallation"},"content":{"rendered":"\n<figure class=\"wp-block-image size-large\"><img fetchpriority=\"high\" decoding=\"async\" width=\"795\" height=\"250\" src=\"http:\/\/martens-heizung.de\/wp-content\/uploads\/2020\/07\/Sanitaerueber.png\" alt=\"\" class=\"wp-image-193\" srcset=\"https:\/\/martens-heizung.de\/wp-content\/uploads\/2020\/07\/Sanitaerueber.png 795w, https:\/\/martens-heizung.de\/wp-content\/uploads\/2020\/07\/Sanitaerueber-300x94.png 300w, https:\/\/martens-heizung.de\/wp-content\/uploads\/2020\/07\/Sanitaerueber-768x242.png 768w\" sizes=\"(max-width: 795px) 100vw, 795px\" \/><\/figure>\n\n\n\n<h3 class=\"wp-block-heading\">Lust auf ein neues Bad? Wir helfen bei Neubau, Umbau oder Renovierung!<\/h3>\n\n\n\n<p class=\"has-text-color has-normal-font-size has-very-dark-gray-color\">Ob die Sanierung Ihres Badezimmers, Umbau der Gegebenheiten auf altersgerechte Nutzung oder Erschaffung einer Wohlf\u00fchloase im Haus, alles ist beim Umbau von Badezimmern m\u00f6glich. Im Zusammenspiel mit Fliesenleger, Elektriker, Trockenbauer und Maler entstehen B\u00e4der nach Wunsch.<\/p>\n","protected":false},"excerpt":{"rendered":"<p>Lust auf ein neues Bad? Wir helfen bei Neubau, Umbau oder Renovierung! Ob die Sanierung Ihres Badezimmers, Umbau der Gegebenheiten auf altersgerechte Nutzung oder Erschaffung einer Wohlf\u00fchloase im Haus, alles &#8230;<\/p>\n","protected":false},"author":1,"featured_media":0,"parent":0,"menu_order":0,"comment_status":"closed","ping_status":"closed","template":"","meta":{"ngg_post_thumbnail":0,"footnotes":""},"class_list":["post-16","page","type-page","status-publish","hentry"],"_links":{"self":[{"href":"https:\/\/martens-heizung.de\/index.php?rest_route=\/wp\/v2\/pages\/16","targetHints":{"allow":["GET"]}}],"collection":[{"href":"https:\/\/martens-heizung.de\/index.php?rest_route=\/wp\/v2\/pages"}],"about":[{"href":"https:\/\/martens-heizung.de\/index.php?rest_route=\/wp\/v2\/types\/page"}],"author":[{"embeddable":true,"href":"https:\/\/martens-heizung.de\/index.php?rest_route=\/wp\/v2\/users\/1"}],"replies":[{"embeddable":true,"href":"https:\/\/martens-heizung.de\/index.php?rest_route=%2Fwp%2Fv2%2Fcomments&post=16"}],"version-history":[{"count":12,"href":"https:\/\/martens-heizung.de\/index.php?rest_route=\/wp\/v2\/pages\/16\/revisions"}],"predecessor-version":[{"id":219,"href":"https:\/\/martens-heizung.de\/index.php?rest_route=\/wp\/v2\/pages\/16\/revisions\/219"}],"wp:attachment":[{"href":"https:\/\/martens-heizung.de\/index.php?rest_route=%2Fwp%2Fv2%2Fmedia&parent=16"}],"curies":[{"name":"wp","href":"https:\/\/api.w.org\/{rel}","templated":true}]}}