{"id":15,"date":"2020-06-29T14:20:14","date_gmt":"2020-06-29T14:20:14","guid":{"rendered":"http:\/\/martens-heizung.de\/?page_id=15"},"modified":"2020-07-05T14:28:46","modified_gmt":"2020-07-05T14:28:46","slug":"ueber-uns","status":"publish","type":"page","link":"https:\/\/martens-heizung.de\/?page_id=15","title":{"rendered":"Jan T. Martens GmbH &#8211; Ihr Installateurfachbetrieb"},"content":{"rendered":"\n<figure class=\"wp-block-image size-full\"><img fetchpriority=\"high\" decoding=\"async\" width=\"795\" height=\"250\" src=\"http:\/\/martens-heizung.de\/wp-content\/uploads\/2020\/06\/gebaeude.png\" alt=\"\" class=\"wp-image-102\" srcset=\"https:\/\/martens-heizung.de\/wp-content\/uploads\/2020\/06\/gebaeude.png 795w, https:\/\/martens-heizung.de\/wp-content\/uploads\/2020\/06\/gebaeude-300x94.png 300w, https:\/\/martens-heizung.de\/wp-content\/uploads\/2020\/06\/gebaeude-768x242.png 768w\" sizes=\"(max-width: 795px) 100vw, 795px\" \/><\/figure>\n\n\n\n<h3 class=\"wp-block-heading\">Ihr Ansprechpartner f\u00fcr Sanit\u00e4r, Heizungs- und Klimatechnik<\/h3>\n\n\n\n<p class=\"has-text-color has-normal-font-size has-very-dark-gray-color\">Die Jan T. Martens GmbH, mit Sitz in Wiemersdorf \/ Schleswig-Holstein, ist seit Jahren ein Garant f\u00fcr hochwertige Installationen und zufriedene Kunden. Wir haben f\u00fcr unsere Auftraggeber jederzeit ein offenes Ohr, zu allen Fragen rund um Sanit\u00e4r, Solar-, Heizungs- und L\u00fcftungstechnik. Wir planen Ihr Bad inklusive der sanit\u00e4ren Anlagen, zeigen Ihnen Wege auf, Ihre Heizung und L\u00fcftung effizient und umweltschonend zu nutzen oder \u00fcbernehmen den Wartungs- und St\u00f6rungsdienst Ihrer bestehenden Anlagen.<\/p>\n\n\n\n<p class=\"has-text-color has-normal-font-size has-very-dark-gray-color\">2007 wurde der Grundstein f\u00fcr das neue Firmengeb\u00e4ude in Wiemersdorf gelegt, im M\u00e4rz 2008 haben wir dann den Umzug von Gro\u00dfenaspe nach Wiemersdorf vollzogen. Mit dem Umzug erfolgte die Umfirmierung von Rosmann\/Martens GbR zu Jan T. Martens Heizungsbau. 2012 wurde dann die Gr\u00fcndung der Jan T. Martens GmbH vollzogen.<\/p>\n\n\n\n<p class=\"has-text-color has-normal-font-size has-very-dark-gray-color\">1998 habe ich erfolgreich die Pr\u00fcfung zum Heizungs-und L\u00fcftungsbaumeister abgelegt und bin Konzessionsinhaber f\u00fcr Wasser- und Gasanlagen.<\/p>\n\n\n\n<p class=\"has-text-color has-normal-font-size has-very-dark-gray-color\">Ihr Gesch\u00e4ftsf\u00fchrer der Jan T. Martens GmbH<\/p>\n\n\n\n<p><\/p>\n","protected":false},"excerpt":{"rendered":"<p>Ihr Ansprechpartner f\u00fcr Sanit\u00e4r, Heizungs- und Klimatechnik Die Jan T. Martens GmbH, mit Sitz in Wiemersdorf \/ Schleswig-Holstein, ist seit Jahren ein Garant f\u00fcr hochwertige Installationen und zufriedene Kunden. Wir &#8230;<\/p>\n","protected":false},"author":1,"featured_media":0,"parent":0,"menu_order":0,"comment_status":"closed","ping_status":"closed","template":"","meta":{"ngg_post_thumbnail":0,"footnotes":""},"class_list":["post-15","page","type-page","status-publish","hentry"],"_links":{"self":[{"href":"https:\/\/martens-heizung.de\/index.php?rest_route=\/wp\/v2\/pages\/15","targetHints":{"allow":["GET"]}}],"collection":[{"href":"https:\/\/martens-heizung.de\/index.php?rest_route=\/wp\/v2\/pages"}],"about":[{"href":"https:\/\/martens-heizung.de\/index.php?rest_route=\/wp\/v2\/types\/page"}],"author":[{"embeddable":true,"href":"https:\/\/martens-heizung.de\/index.php?rest_route=\/wp\/v2\/users\/1"}],"replies":[{"embeddable":true,"href":"https:\/\/martens-heizung.de\/index.php?rest_route=%2Fwp%2Fv2%2Fcomments&post=15"}],"version-history":[{"count":12,"href":"https:\/\/martens-heizung.de\/index.php?rest_route=\/wp\/v2\/pages\/15\/revisions"}],"predecessor-version":[{"id":203,"href":"https:\/\/martens-heizung.de\/index.php?rest_route=\/wp\/v2\/pages\/15\/revisions\/203"}],"wp:attachment":[{"href":"https:\/\/martens-heizung.de\/index.php?rest_route=%2Fwp%2Fv2%2Fmedia&parent=15"}],"curies":[{"name":"wp","href":"https:\/\/api.w.org\/{rel}","templated":true}]}}