{"id":18,"date":"2020-06-29T14:20:14","date_gmt":"2020-06-29T14:20:14","guid":{"rendered":"http:\/\/martens-heizung.de\/?page_id=18"},"modified":"2020-07-05T15:53:37","modified_gmt":"2020-07-05T15:53:37","slug":"solar","status":"publish","type":"page","link":"http:\/\/martens-heizung.de\/?page_id=18","title":{"rendered":"Solartechnik"},"content":{"rendered":"\n<figure class=\"wp-block-image size-large\"><img fetchpriority=\"high\" decoding=\"async\" width=\"795\" height=\"250\" src=\"http:\/\/martens-heizung.de\/wp-content\/uploads\/2020\/06\/Solar.png\" alt=\"\" class=\"wp-image-75\" srcset=\"http:\/\/martens-heizung.de\/wp-content\/uploads\/2020\/06\/Solar.png 795w, http:\/\/martens-heizung.de\/wp-content\/uploads\/2020\/06\/Solar-300x94.png 300w, http:\/\/martens-heizung.de\/wp-content\/uploads\/2020\/06\/Solar-768x242.png 768w\" sizes=\"(max-width: 795px) 100vw, 795px\" \/><\/figure>\n\n\n\n<h3 class=\"wp-block-heading\">Saubere Energie dank Solartechnik!<\/h3>\n\n\n\n<p class=\"has-text-color has-normal-font-size has-very-dark-gray-color\">Thermische Brauchwassererw\u00e4rmung geh\u00f6rt bei Neubauten schon zum normalen Erscheinungsbild. Auch f\u00fcr Altbauten sind solche Anlagen ein guter Beitrag zum Einsparen von \u00d6l oder Gas. Bis zu 80 % des Warmwasserbedarfes kann die thermische Solaranlage erzeugen .<\/p>\n\n\n\n<p class=\"has-text-color has-normal-font-size has-very-dark-gray-color\">Thermische Heizungsunterst\u00fctzung eignet sich besonders f\u00fcr Geb\u00e4ude mit Fu\u00dfbodenheizung, um auch in den \u00dcbergangszeiten die solare Energie auszunutzen.<\/p>\n\n\n\n<div class=\"wp-block-group alignwide is-layout-flow wp-block-group-is-layout-flow\"><div class=\"wp-block-group__inner-container\"><\/div><\/div>\n","protected":false},"excerpt":{"rendered":"<p>Saubere Energie dank Solartechnik! Thermische Brauchwassererw\u00e4rmung geh\u00f6rt bei Neubauten schon zum normalen Erscheinungsbild. Auch f\u00fcr Altbauten sind solche Anlagen ein guter Beitrag zum Einsparen von \u00d6l oder Gas. Bis zu &#8230;<\/p>\n","protected":false},"author":1,"featured_media":0,"parent":0,"menu_order":0,"comment_status":"closed","ping_status":"closed","template":"","meta":{"ngg_post_thumbnail":0,"footnotes":""},"class_list":["post-18","page","type-page","status-publish","hentry"],"_links":{"self":[{"href":"http:\/\/martens-heizung.de\/index.php?rest_route=\/wp\/v2\/pages\/18","targetHints":{"allow":["GET"]}}],"collection":[{"href":"http:\/\/martens-heizung.de\/index.php?rest_route=\/wp\/v2\/pages"}],"about":[{"href":"http:\/\/martens-heizung.de\/index.php?rest_route=\/wp\/v2\/types\/page"}],"author":[{"embeddable":true,"href":"http:\/\/martens-heizung.de\/index.php?rest_route=\/wp\/v2\/users\/1"}],"replies":[{"embeddable":true,"href":"http:\/\/martens-heizung.de\/index.php?rest_route=%2Fwp%2Fv2%2Fcomments&post=18"}],"version-history":[{"count":18,"href":"http:\/\/martens-heizung.de\/index.php?rest_route=\/wp\/v2\/pages\/18\/revisions"}],"predecessor-version":[{"id":224,"href":"http:\/\/martens-heizung.de\/index.php?rest_route=\/wp\/v2\/pages\/18\/revisions\/224"}],"wp:attachment":[{"href":"http:\/\/martens-heizung.de\/index.php?rest_route=%2Fwp%2Fv2%2Fmedia&parent=18"}],"curies":[{"name":"wp","href":"https:\/\/api.w.org\/{rel}","templated":true}]}}